{"id":89,"date":"2024-08-16T09:25:02","date_gmt":"2024-08-16T09:25:02","guid":{"rendered":"https:\/\/lusisofia.pl\/?page_id=89"},"modified":"2025-03-27T11:02:18","modified_gmt":"2025-03-27T11:02:18","slug":"strona-glowna","status":"publish","type":"page","link":"https:\/\/lusisofia.pl\/index.php\/strona-glowna\/","title":{"rendered":"Strona g\u0142\u00f3wna"},"content":{"rendered":"\n<div class=\"wp-block-cover alignfull has-parallax\" style=\"padding-top:var(--wp--preset--spacing--50);padding-right:var(--wp--preset--spacing--50);padding-bottom:var(--wp--preset--spacing--50);padding-left:var(--wp--preset--spacing--50)\"><span aria-hidden=\"true\" class=\"wp-block-cover__background has-base-background-color has-background-dim-0 has-background-dim\"><\/span><div class=\"wp-block-cover__image-background wp-image-73 has-parallax\" style=\"background-position:50% 50%;background-image:url(http:\/\/lusisofia.pl\/wp-content\/uploads\/2024\/07\/imprezy-zamkniete.png)\"><\/div><div class=\"wp-block-cover__inner-container has-global-padding is-layout-constrained wp-container-core-cover-is-layout-1 wp-block-cover-is-layout-constrained\">\n<div style=\"height:500px\" aria-hidden=\"true\" class=\"wp-block-spacer\"><\/div>\n<\/div><\/div>\n\n\n\n<div class=\"wp-block-group alignfull has-base-2-color has-contrast-background-color has-text-color has-background has-link-color wp-elements-99bd2e18a5ed5218f00be26f0da08405 has-global-padding is-layout-constrained wp-container-core-group-is-layout-4 wp-block-group-is-layout-constrained\" style=\"margin-top:0;margin-bottom:0;padding-top:var(--wp--preset--spacing--50);padding-right:var(--wp--preset--spacing--50);padding-bottom:var(--wp--preset--spacing--50);padding-left:var(--wp--preset--spacing--50)\">\n<div class=\"wp-block-columns alignwide is-layout-flex wp-container-core-columns-is-layout-1 wp-block-columns-is-layout-flex\">\n<div class=\"wp-block-column is-vertically-aligned-stretch is-layout-flow wp-block-column-is-layout-flow\" style=\"padding-right:0;flex-basis:60%\">\n<div class=\"wp-block-group is-vertical is-content-justification-stretch is-layout-flex wp-container-core-group-is-layout-1 wp-block-group-is-layout-flex\" style=\"min-height:100%\">\n<figure class=\"wp-block-image size-large is-style-rounded is-style-rounded--1\"><img loading=\"lazy\" decoding=\"async\" width=\"683\" height=\"1024\" src=\"http:\/\/lusisofia.pl\/wp-content\/uploads\/2024\/07\/MG_9050-683x1024.jpg\" alt=\"\" class=\"wp-image-13\" style=\"aspect-ratio:9\/16;object-fit:cover\" srcset=\"https:\/\/lusisofia.pl\/wp-content\/uploads\/2024\/07\/MG_9050-683x1024.jpg 683w, https:\/\/lusisofia.pl\/wp-content\/uploads\/2024\/07\/MG_9050-200x300.jpg 200w, https:\/\/lusisofia.pl\/wp-content\/uploads\/2024\/07\/MG_9050-768x1152.jpg 768w, https:\/\/lusisofia.pl\/wp-content\/uploads\/2024\/07\/MG_9050-1024x1536.jpg 1024w, https:\/\/lusisofia.pl\/wp-content\/uploads\/2024\/07\/MG_9050-1365x2048.jpg 1365w, https:\/\/lusisofia.pl\/wp-content\/uploads\/2024\/07\/MG_9050-scaled.jpg 1707w\" sizes=\"auto, (max-width: 683px) 100vw, 683px\" \/><\/figure>\n\n\n\n<p class=\"has-medium-font-size\"><\/p>\n<\/div>\n<\/div>\n\n\n\n<div class=\"wp-block-column is-layout-flow wp-block-column-is-layout-flow\" style=\"flex-basis:40%\">\n<div class=\"wp-block-group has-global-padding is-layout-constrained wp-block-group-is-layout-constrained\">\n<p class=\"has-large-font-size\" style=\"font-style:normal;font-weight:500;line-height:1.2\">Nasze miejsce to po\u0142\u0105czenie elegancji, komfortu i rado\u015bci z jedzenia, stworzone z my\u015bl\u0105 o wsp\u00f3lnych chwilach i niezapomnianych spotkaniach w malowniczej scenerii Wzg\u00f3rza \u015awi\u0119tego Wojciecha.<\/p>\n\n\n\n<div style=\"height:68px\" aria-hidden=\"true\" class=\"wp-block-spacer\"><\/div>\n\n\n\n<div class=\"wp-block-group is-layout-flow wp-block-group-is-layout-flow\">\n<p class=\"has-medium-font-size\"><\/p>\n\n\n\n<figure class=\"wp-block-image size-large is-style-rounded is-style-rounded--2\"><img loading=\"lazy\" decoding=\"async\" width=\"683\" height=\"1024\" src=\"http:\/\/lusisofia.pl\/wp-content\/uploads\/2024\/07\/MG_9100-683x1024.jpg\" alt=\"\" class=\"wp-image-16\" style=\"aspect-ratio:9\/16;object-fit:cover\" srcset=\"https:\/\/lusisofia.pl\/wp-content\/uploads\/2024\/07\/MG_9100-683x1024.jpg 683w, https:\/\/lusisofia.pl\/wp-content\/uploads\/2024\/07\/MG_9100-200x300.jpg 200w, https:\/\/lusisofia.pl\/wp-content\/uploads\/2024\/07\/MG_9100-768x1152.jpg 768w, https:\/\/lusisofia.pl\/wp-content\/uploads\/2024\/07\/MG_9100-1024x1536.jpg 1024w, https:\/\/lusisofia.pl\/wp-content\/uploads\/2024\/07\/MG_9100-1365x2048.jpg 1365w, https:\/\/lusisofia.pl\/wp-content\/uploads\/2024\/07\/MG_9100-scaled.jpg 1707w\" sizes=\"auto, (max-width: 683px) 100vw, 683px\" \/><\/figure>\n<\/div>\n<\/div>\n<\/div>\n<\/div>\n<\/div>\n\n\n\n<div class=\"wp-block-group alignfull has-base-background-color has-background has-global-padding is-layout-constrained wp-container-core-group-is-layout-5 wp-block-group-is-layout-constrained\" style=\"margin-top:0;margin-bottom:0;padding-top:var(--wp--preset--spacing--50);padding-right:var(--wp--preset--spacing--50);padding-bottom:var(--wp--preset--spacing--50);padding-left:var(--wp--preset--spacing--50)\">\n<div class=\"wp-block-columns alignwide is-layout-flex wp-container-core-columns-is-layout-3 wp-block-columns-is-layout-flex\">\n<div class=\"wp-block-column has-global-padding is-content-justification-left is-layout-constrained wp-container-core-column-is-layout-3 wp-block-column-is-layout-constrained\" style=\"flex-basis:40%\">\n<p><\/p>\n<\/div>\n\n\n\n<div class=\"wp-block-column is-layout-flow wp-container-core-column-is-layout-6 wp-block-column-is-layout-flow\" style=\"flex-basis:60%\">\n<p class=\"has-heading-font-family has-x-large-font-size\" style=\"line-height:1.2\"><strong>Wzg\u00f3rze \u015awi\u0119tego Wojciecha w Poznaniu<\/strong> to jedno z najpi\u0119kniejszych i historycznie znacz\u0105cych miejsc w mie\u015bcie. Po\u0142o\u017cone w centralnej cz\u0119\u015bci Poznania, wzg\u00f3rze oferuje malownicze otoczenie, kt\u00f3re zachwyca zar\u00f3wno mieszka\u0144c\u00f3w, jak i turyst\u00f3w.<\/p>\n\n\n\n<div class=\"wp-block-columns is-layout-flex wp-container-core-columns-is-layout-2 wp-block-columns-is-layout-flex\">\n<div class=\"wp-block-column is-layout-flow wp-block-column-is-layout-flow\">\n<p class=\"wp-container-content-1\">Znane z bogatej historii, Wzg\u00f3rze \u015awi\u0119tego Wojciecha jest miejscem, gdzie znajduje si\u0119 zabytkowy ko\u015bci\u00f3\u0142 o tej samej nazwie, kt\u00f3ry jest jednym z najstarszych i najwa\u017cniejszych obiekt\u00f3w sakralnych w Poznaniu. Wok\u00f3\u0142 ko\u015bcio\u0142a rozci\u0105gaj\u0105 si\u0119 tereny zielone, kt\u00f3re sprzyjaj\u0105 spacerom i odpoczynkowi.<\/p>\n<\/div>\n\n\n\n<div class=\"wp-block-column is-layout-flow wp-block-column-is-layout-flow\">\n<p>Wzg\u00f3rze jest r\u00f3wnie\u017c miejscem wa\u017cnych wydarze\u0144 kulturalnych i spo\u0142ecznych, a jego lokalizacja zapewnia \u0142atwy dost\u0119p do innych atrakcji miasta. Malownicze widoki, spokojna atmosfera oraz historyczne t\u0142o czyni\u0105 Wzg\u00f3rze \u015awi\u0119tego Wojciecha idealnym miejscem na relaks i odkrywanie urok\u00f3w Poznania.<br><\/p>\n<\/div>\n<\/div>\n<\/div>\n<\/div>\n<\/div>\n","protected":false},"excerpt":{"rendered":"<p>Nasze miejsce to po\u0142\u0105czenie elegancji, komfortu i rado\u015bci z jedzenia, stworzone z my\u015bl\u0105 o wsp\u00f3lnych chwilach i niezapomnianych spotkaniach w malowniczej scenerii Wzg\u00f3rza \u015awi\u0119tego Wojciecha. Wzg\u00f3rze \u015awi\u0119tego Wojciecha w Poznaniu to jedno z najpi\u0119kniejszych i historycznie znacz\u0105cych miejsc w mie\u015bcie. Po\u0142o\u017cone w centralnej cz\u0119\u015bci Poznania, wzg\u00f3rze oferuje malownicze otoczenie, kt\u00f3re zachwyca zar\u00f3wno mieszka\u0144c\u00f3w, jak i [&hellip;]<\/p>\n","protected":false},"author":1,"featured_media":0,"parent":0,"menu_order":0,"comment_status":"closed","ping_status":"closed","template":"","meta":{"footnotes":""},"class_list":["post-89","page","type-page","status-publish","hentry"],"_links":{"self":[{"href":"https:\/\/lusisofia.pl\/index.php\/wp-json\/wp\/v2\/pages\/89","targetHints":{"allow":["GET"]}}],"collection":[{"href":"https:\/\/lusisofia.pl\/index.php\/wp-json\/wp\/v2\/pages"}],"about":[{"href":"https:\/\/lusisofia.pl\/index.php\/wp-json\/wp\/v2\/types\/page"}],"author":[{"embeddable":true,"href":"https:\/\/lusisofia.pl\/index.php\/wp-json\/wp\/v2\/users\/1"}],"replies":[{"embeddable":true,"href":"https:\/\/lusisofia.pl\/index.php\/wp-json\/wp\/v2\/comments?post=89"}],"version-history":[{"count":6,"href":"https:\/\/lusisofia.pl\/index.php\/wp-json\/wp\/v2\/pages\/89\/revisions"}],"predecessor-version":[{"id":282,"href":"https:\/\/lusisofia.pl\/index.php\/wp-json\/wp\/v2\/pages\/89\/revisions\/282"}],"wp:attachment":[{"href":"https:\/\/lusisofia.pl\/index.php\/wp-json\/wp\/v2\/media?parent=89"}],"curies":[{"name":"wp","href":"https:\/\/api.w.org\/{rel}","templated":true}]}}