{"id":82,"date":"2024-08-16T12:42:08","date_gmt":"2024-08-16T12:42:08","guid":{"rendered":"https:\/\/lusisofia.pl\/?page_id=82"},"modified":"2024-08-21T11:11:52","modified_gmt":"2024-08-21T11:11:52","slug":"sale-konferencyjne","status":"publish","type":"page","link":"https:\/\/lusisofia.pl\/index.php\/sale-konferencyjne\/","title":{"rendered":"Sale konferencyjne"},"content":{"rendered":"\n<div class=\"wp-block-group alignfull has-accent-background-color has-background has-global-padding is-layout-constrained wp-container-core-group-is-layout-2 wp-block-group-is-layout-constrained\" style=\"margin-top:0;margin-bottom:0;padding-top:var(--wp--preset--spacing--50);padding-right:var(--wp--preset--spacing--50);padding-bottom:var(--wp--preset--spacing--50);padding-left:var(--wp--preset--spacing--50)\">\n<div class=\"wp-block-columns alignwide is-layout-flex wp-container-core-columns-is-layout-1 wp-block-columns-is-layout-flex\">\n<div class=\"wp-block-column is-vertically-aligned-stretch is-layout-flow wp-block-column-is-layout-flow\" style=\"flex-basis:50%\">\n<div class=\"wp-block-group is-vertical is-content-justification-stretch is-layout-flex wp-container-core-group-is-layout-1 wp-block-group-is-layout-flex\" style=\"min-height:100%\">\n<p class=\"has-heading-font-family has-x-large-font-size\" style=\"line-height:1.2\">Zaplanuj sw\u00f3j nast\u0119pny event z nami!<\/p>\n\n\n\n<p>Nasz kompleks oferuje pi\u0119\u0107 nowocze\u015bnie wyposa\u017conych sal szkoleniowo-konferencyjnych, po\u0142o\u017conych w samym centrum miasta.<\/p>\n\n\n\n<p>Ka\u017cda z nich przystosowana jest do organizacji r\u00f3\u017cnorodnych spotka\u0144 biznesowych, szkole\u0144 i konferencji, zapewniaj\u0105c komfortowe warunki pracy oraz dost\u0119p do sprz\u0119tu multimedialnego.<\/p>\n\n\n\n<p>Dodatkowym atutem naszego obiektu jest mo\u017cliwo\u015b\u0107 wynajmu miejsc parkingowych, co zapewnia wygod\u0119 i u\u0142atwia logistyk\u0119 uczestnikom wydarze\u0144. Ponadto, oferujemy kompleksow\u0105 organizacj\u0119 cateringu dla uczestnik\u00f3w szkole\u0144, gwarantuj\u0105c smaczne i \u015bwie\u017ce posi\u0142ki dostosowane do potrzeb i preferencji klient\u00f3w.<\/p>\n<\/div>\n<\/div>\n\n\n\n<div class=\"wp-block-column is-vertically-aligned-center is-layout-flow wp-block-column-is-layout-flow\" style=\"flex-basis:50%\">\n<figure class=\"wp-block-gallery has-nested-images columns-default is-cropped wp-block-gallery-2 is-layout-flex wp-block-gallery-is-layout-flex\">\n<figure class=\"wp-block-image size-large is-style-rounded is-style-rounded--1\"><img loading=\"lazy\" decoding=\"async\" width=\"2160\" height=\"3241\" src=\"https:\/\/lusisofia.pl\/wp-content\/uploads\/2024\/08\/sale-konferencyjno-szkoleniowe-edited.png\" alt=\"\" class=\"wp-image-230\" style=\"aspect-ratio:0.75;object-fit:cover\" srcset=\"https:\/\/lusisofia.pl\/wp-content\/uploads\/2024\/08\/sale-konferencyjno-szkoleniowe-edited.png 2160w, https:\/\/lusisofia.pl\/wp-content\/uploads\/2024\/08\/sale-konferencyjno-szkoleniowe-edited-200x300.png 200w, https:\/\/lusisofia.pl\/wp-content\/uploads\/2024\/08\/sale-konferencyjno-szkoleniowe-edited-682x1024.png 682w, https:\/\/lusisofia.pl\/wp-content\/uploads\/2024\/08\/sale-konferencyjno-szkoleniowe-edited-768x1152.png 768w, https:\/\/lusisofia.pl\/wp-content\/uploads\/2024\/08\/sale-konferencyjno-szkoleniowe-edited-1024x1536.png 1024w, https:\/\/lusisofia.pl\/wp-content\/uploads\/2024\/08\/sale-konferencyjno-szkoleniowe-edited-1365x2048.png 1365w\" sizes=\"auto, (max-width: 2160px) 100vw, 2160px\" \/><\/figure>\n<\/figure>\n<\/div>\n<\/div>\n<\/div>\n\n\n\n<div class=\"wp-block-group alignfull has-accent-5-background-color has-background has-global-padding is-layout-constrained wp-container-core-group-is-layout-3 wp-block-group-is-layout-constrained\" style=\"margin-top:0;margin-bottom:0;padding-top:var(--wp--preset--spacing--50);padding-right:var(--wp--preset--spacing--50);padding-bottom:var(--wp--preset--spacing--50);padding-left:var(--wp--preset--spacing--50)\">\n<div class=\"wp-block-columns alignwide is-layout-flex wp-container-core-columns-is-layout-2 wp-block-columns-is-layout-flex\">\n<div class=\"wp-block-column is-vertically-aligned-center is-layout-flow wp-block-column-is-layout-flow\" style=\"flex-basis:60%\">\n<figure class=\"wp-block-image size-full is-style-rounded wp-duotone-duotone-1 is-style-rounded--3\"><img loading=\"lazy\" decoding=\"async\" width=\"1152\" height=\"2560\" src=\"http:\/\/lusisofia.pl\/wp-content\/uploads\/2024\/07\/salka-2-scaled.jpg\" alt=\"\" class=\"wp-image-71\" style=\"aspect-ratio:4\/3;object-fit:cover\" srcset=\"https:\/\/lusisofia.pl\/wp-content\/uploads\/2024\/07\/salka-2-scaled.jpg 1152w, https:\/\/lusisofia.pl\/wp-content\/uploads\/2024\/07\/salka-2-135x300.jpg 135w, https:\/\/lusisofia.pl\/wp-content\/uploads\/2024\/07\/salka-2-461x1024.jpg 461w, https:\/\/lusisofia.pl\/wp-content\/uploads\/2024\/07\/salka-2-768x1707.jpg 768w, https:\/\/lusisofia.pl\/wp-content\/uploads\/2024\/07\/salka-2-691x1536.jpg 691w, https:\/\/lusisofia.pl\/wp-content\/uploads\/2024\/07\/salka-2-922x2048.jpg 922w\" sizes=\"auto, (max-width: 1152px) 100vw, 1152px\" \/><\/figure>\n<\/div>\n\n\n\n<div class=\"wp-block-column is-layout-flow wp-block-column-is-layout-flow\" style=\"flex-basis:40%\">\n<h2 class=\"wp-block-heading\">Kompleksowe us\u0142ugi<\/h2>\n\n\n\n<p>Centralna lokalizacja, profesjonalna obs\u0142uga i kompleksowe podej\u015bcie sprawiaj\u0105, \u017ce nasze sale szkoleniowo-konferencyjne s\u0105 idealnym wyborem dla firm i organizacji poszukuj\u0105cych wysokiej jako\u015bci przestrzeni.<\/p>\n<\/div>\n<\/div>\n<\/div>\n\n\n\n<figure class=\"wp-block-gallery alignwide has-nested-images columns-default is-cropped wp-block-gallery-4 is-layout-flex wp-block-gallery-is-layout-flex\">\n<figure class=\"wp-block-image size-large\"><img loading=\"lazy\" decoding=\"async\" width=\"461\" height=\"1024\" data-id=\"72\" src=\"https:\/\/lusisofia.pl\/wp-content\/uploads\/2024\/07\/salka-3-461x1024.jpg\" alt=\"\" class=\"wp-image-72\" srcset=\"https:\/\/lusisofia.pl\/wp-content\/uploads\/2024\/07\/salka-3-461x1024.jpg 461w, https:\/\/lusisofia.pl\/wp-content\/uploads\/2024\/07\/salka-3-135x300.jpg 135w, https:\/\/lusisofia.pl\/wp-content\/uploads\/2024\/07\/salka-3-768x1707.jpg 768w, https:\/\/lusisofia.pl\/wp-content\/uploads\/2024\/07\/salka-3-691x1536.jpg 691w, https:\/\/lusisofia.pl\/wp-content\/uploads\/2024\/07\/salka-3-922x2048.jpg 922w, https:\/\/lusisofia.pl\/wp-content\/uploads\/2024\/07\/salka-3-scaled.jpg 1152w\" sizes=\"auto, (max-width: 461px) 100vw, 461px\" \/><\/figure>\n\n\n\n<figure class=\"wp-block-image size-large\"><img loading=\"lazy\" decoding=\"async\" width=\"461\" height=\"1024\" data-id=\"71\" src=\"https:\/\/lusisofia.pl\/wp-content\/uploads\/2024\/07\/salka-2-461x1024.jpg\" alt=\"\" class=\"wp-image-71\" srcset=\"https:\/\/lusisofia.pl\/wp-content\/uploads\/2024\/07\/salka-2-461x1024.jpg 461w, https:\/\/lusisofia.pl\/wp-content\/uploads\/2024\/07\/salka-2-135x300.jpg 135w, https:\/\/lusisofia.pl\/wp-content\/uploads\/2024\/07\/salka-2-768x1707.jpg 768w, https:\/\/lusisofia.pl\/wp-content\/uploads\/2024\/07\/salka-2-691x1536.jpg 691w, https:\/\/lusisofia.pl\/wp-content\/uploads\/2024\/07\/salka-2-922x2048.jpg 922w, https:\/\/lusisofia.pl\/wp-content\/uploads\/2024\/07\/salka-2-scaled.jpg 1152w\" sizes=\"auto, (max-width: 461px) 100vw, 461px\" \/><\/figure>\n\n\n\n<figure class=\"wp-block-image size-large\"><img loading=\"lazy\" decoding=\"async\" width=\"461\" height=\"1024\" data-id=\"69\" src=\"https:\/\/lusisofia.pl\/wp-content\/uploads\/2024\/07\/salka-1-461x1024.jpg\" alt=\"\" class=\"wp-image-69\" srcset=\"https:\/\/lusisofia.pl\/wp-content\/uploads\/2024\/07\/salka-1-461x1024.jpg 461w, https:\/\/lusisofia.pl\/wp-content\/uploads\/2024\/07\/salka-1-135x300.jpg 135w, https:\/\/lusisofia.pl\/wp-content\/uploads\/2024\/07\/salka-1-768x1708.jpg 768w, https:\/\/lusisofia.pl\/wp-content\/uploads\/2024\/07\/salka-1-691x1536.jpg 691w, https:\/\/lusisofia.pl\/wp-content\/uploads\/2024\/07\/salka-1-921x2048.jpg 921w, https:\/\/lusisofia.pl\/wp-content\/uploads\/2024\/07\/salka-1-scaled.jpg 1151w\" sizes=\"auto, (max-width: 461px) 100vw, 461px\" \/><\/figure>\n\n\n\n<figure class=\"wp-block-image size-large\"><img loading=\"lazy\" decoding=\"async\" width=\"2160\" height=\"3239\" data-id=\"232\" src=\"https:\/\/lusisofia.pl\/wp-content\/uploads\/2024\/08\/sale-konferencyjno-szkoleniowe-edited-1.png\" alt=\"\" class=\"wp-image-232\" srcset=\"https:\/\/lusisofia.pl\/wp-content\/uploads\/2024\/08\/sale-konferencyjno-szkoleniowe-edited-1.png 2160w, https:\/\/lusisofia.pl\/wp-content\/uploads\/2024\/08\/sale-konferencyjno-szkoleniowe-edited-1-200x300.png 200w, https:\/\/lusisofia.pl\/wp-content\/uploads\/2024\/08\/sale-konferencyjno-szkoleniowe-edited-1-683x1024.png 683w, https:\/\/lusisofia.pl\/wp-content\/uploads\/2024\/08\/sale-konferencyjno-szkoleniowe-edited-1-768x1152.png 768w, https:\/\/lusisofia.pl\/wp-content\/uploads\/2024\/08\/sale-konferencyjno-szkoleniowe-edited-1-1024x1536.png 1024w, https:\/\/lusisofia.pl\/wp-content\/uploads\/2024\/08\/sale-konferencyjno-szkoleniowe-edited-1-1366x2048.png 1366w\" sizes=\"auto, (max-width: 2160px) 100vw, 2160px\" \/><\/figure>\n<\/figure>\n","protected":false},"excerpt":{"rendered":"<p>Zaplanuj sw\u00f3j nast\u0119pny event z nami! Nasz kompleks oferuje pi\u0119\u0107 nowocze\u015bnie wyposa\u017conych sal szkoleniowo-konferencyjnych, po\u0142o\u017conych w samym centrum miasta. Ka\u017cda z nich przystosowana jest do organizacji r\u00f3\u017cnorodnych spotka\u0144 biznesowych, szkole\u0144 i konferencji, zapewniaj\u0105c komfortowe warunki pracy oraz dost\u0119p do sprz\u0119tu multimedialnego. Dodatkowym atutem naszego obiektu jest mo\u017cliwo\u015b\u0107 wynajmu miejsc parkingowych, co zapewnia wygod\u0119 i u\u0142atwia [&hellip;]<\/p>\n","protected":false},"author":1,"featured_media":0,"parent":0,"menu_order":0,"comment_status":"closed","ping_status":"closed","template":"","meta":{"footnotes":""},"class_list":["post-82","page","type-page","status-publish","hentry"],"_links":{"self":[{"href":"https:\/\/lusisofia.pl\/index.php\/wp-json\/wp\/v2\/pages\/82","targetHints":{"allow":["GET"]}}],"collection":[{"href":"https:\/\/lusisofia.pl\/index.php\/wp-json\/wp\/v2\/pages"}],"about":[{"href":"https:\/\/lusisofia.pl\/index.php\/wp-json\/wp\/v2\/types\/page"}],"author":[{"embeddable":true,"href":"https:\/\/lusisofia.pl\/index.php\/wp-json\/wp\/v2\/users\/1"}],"replies":[{"embeddable":true,"href":"https:\/\/lusisofia.pl\/index.php\/wp-json\/wp\/v2\/comments?post=82"}],"version-history":[{"count":7,"href":"https:\/\/lusisofia.pl\/index.php\/wp-json\/wp\/v2\/pages\/82\/revisions"}],"predecessor-version":[{"id":233,"href":"https:\/\/lusisofia.pl\/index.php\/wp-json\/wp\/v2\/pages\/82\/revisions\/233"}],"wp:attachment":[{"href":"https:\/\/lusisofia.pl\/index.php\/wp-json\/wp\/v2\/media?parent=82"}],"curies":[{"name":"wp","href":"https:\/\/api.w.org\/{rel}","templated":true}]}}