{"id":57,"date":"2024-08-16T12:40:40","date_gmt":"2024-08-16T12:40:40","guid":{"rendered":"https:\/\/lusisofia.pl\/?page_id=57"},"modified":"2024-08-19T08:29:18","modified_gmt":"2024-08-19T08:29:18","slug":"wydarzenia","status":"publish","type":"page","link":"https:\/\/lusisofia.pl\/index.php\/wydarzenia\/","title":{"rendered":"Wydarzenia"},"content":{"rendered":"\n<div class=\"wp-block-group has-global-padding is-layout-constrained wp-container-core-group-is-layout-1 wp-block-group-is-layout-constrained\">\n<h1 class=\"wp-block-heading has-text-align-center has-x-large-font-size\">Organizujemy:<\/h1>\n\n\n\n<div style=\"height:12px\" aria-hidden=\"true\" class=\"wp-block-spacer\"><\/div>\n\n\n\n<ul class=\"wp-block-list\">\n<li>Koncerty<\/li>\n\n\n\n<li>Kameralne wesela<\/li>\n\n\n\n<li>Spotkania biznesowe<\/li>\n\n\n\n<li>Wigilie firmowe<\/li>\n\n\n\n<li>Imprezy firmowe<\/li>\n\n\n\n<li>Imprezy integracyjne<\/li>\n\n\n\n<li>Imprezy okoliczno\u015bciowe<\/li>\n\n\n\n<li>Wieczory panie\u0144skie \/ kawalerskie<\/li>\n\n\n\n<li>Urodziny<\/li>\n\n\n\n<li>Szkolenia<\/li>\n<\/ul>\n\n\n\n<div style=\"height:1.25rem\" aria-hidden=\"true\" class=\"wp-block-spacer\"><\/div>\n<\/div>\n\n\n\n<p>Dysponujemy w\u0142asnym parkingiem w pobli\u017cu naszego kompleksu, co zapewnia wygod\u0119 i \u0142atwy dost\u0119p dla wszystkich naszych go\u015bci.<\/p>\n\n\n\n<p><\/p>\n","protected":false},"excerpt":{"rendered":"<p>Organizujemy: Dysponujemy w\u0142asnym parkingiem w pobli\u017cu naszego kompleksu, co zapewnia wygod\u0119 i \u0142atwy dost\u0119p dla wszystkich naszych go\u015bci.<\/p>\n","protected":false},"author":1,"featured_media":65,"parent":0,"menu_order":0,"comment_status":"closed","ping_status":"closed","template":"","meta":{"footnotes":""},"class_list":["post-57","page","type-page","status-publish","has-post-thumbnail","hentry"],"_links":{"self":[{"href":"https:\/\/lusisofia.pl\/index.php\/wp-json\/wp\/v2\/pages\/57","targetHints":{"allow":["GET"]}}],"collection":[{"href":"https:\/\/lusisofia.pl\/index.php\/wp-json\/wp\/v2\/pages"}],"about":[{"href":"https:\/\/lusisofia.pl\/index.php\/wp-json\/wp\/v2\/types\/page"}],"author":[{"embeddable":true,"href":"https:\/\/lusisofia.pl\/index.php\/wp-json\/wp\/v2\/users\/1"}],"replies":[{"embeddable":true,"href":"https:\/\/lusisofia.pl\/index.php\/wp-json\/wp\/v2\/comments?post=57"}],"version-history":[{"count":8,"href":"https:\/\/lusisofia.pl\/index.php\/wp-json\/wp\/v2\/pages\/57\/revisions"}],"predecessor-version":[{"id":200,"href":"https:\/\/lusisofia.pl\/index.php\/wp-json\/wp\/v2\/pages\/57\/revisions\/200"}],"wp:featuredmedia":[{"embeddable":true,"href":"https:\/\/lusisofia.pl\/index.php\/wp-json\/wp\/v2\/media\/65"}],"wp:attachment":[{"href":"https:\/\/lusisofia.pl\/index.php\/wp-json\/wp\/v2\/media?parent=57"}],"curies":[{"name":"wp","href":"https:\/\/api.w.org\/{rel}","templated":true}]}}