{"id":48,"date":"2024-07-25T11:14:26","date_gmt":"2024-07-25T11:14:26","guid":{"rendered":"https:\/\/lusisofia.pl\/?page_id=48"},"modified":"2024-10-22T14:07:10","modified_gmt":"2024-10-22T14:07:10","slug":"lusi-restaurant","status":"publish","type":"page","link":"https:\/\/lusisofia.pl\/index.php\/lusi-restaurant\/","title":{"rendered":"LUSI Restaurant"},"content":{"rendered":"\n<div class=\"wp-block-group alignfull has-global-padding is-layout-constrained wp-container-core-group-is-layout-2 wp-block-group-is-layout-constrained\" style=\"padding-top:var(--wp--preset--spacing--50);padding-right:var(--wp--preset--spacing--50);padding-bottom:var(--wp--preset--spacing--50);padding-left:var(--wp--preset--spacing--50)\">\n<h1 class=\"wp-block-heading has-text-align-center has-x-large-font-size\">LUSI Restaurant jest w\u0142osk\u0105 restauracj\u0105 urz\u0105dzon\u0105 w postindustrialnym wn\u0119trzu to wyj\u0105tkowe miejsce, kt\u00f3re \u0142\u0105czy surowy design z autentyczn\u0105 w\u0142osk\u0105 kuchni\u0105.<\/h1>\n\n\n\n<div class=\"wp-block-group has-global-padding is-layout-constrained wp-container-core-group-is-layout-1 wp-block-group-is-layout-constrained\">\n<div style=\"height:16px\" aria-hidden=\"true\" class=\"wp-block-spacer\"><\/div>\n<\/div>\n\n\n\n<figure class=\"wp-block-image alignwide size-full is-style-rounded is-style-rounded--1\"><img loading=\"lazy\" decoding=\"async\" width=\"1707\" height=\"2560\" src=\"http:\/\/lusisofia.pl\/wp-content\/uploads\/2024\/07\/MG_9065-scaled.jpg\" alt=\"\" class=\"wp-image-14\" srcset=\"https:\/\/lusisofia.pl\/wp-content\/uploads\/2024\/07\/MG_9065-scaled.jpg 1707w, https:\/\/lusisofia.pl\/wp-content\/uploads\/2024\/07\/MG_9065-200x300.jpg 200w, https:\/\/lusisofia.pl\/wp-content\/uploads\/2024\/07\/MG_9065-683x1024.jpg 683w, https:\/\/lusisofia.pl\/wp-content\/uploads\/2024\/07\/MG_9065-768x1152.jpg 768w, https:\/\/lusisofia.pl\/wp-content\/uploads\/2024\/07\/MG_9065-1024x1536.jpg 1024w, https:\/\/lusisofia.pl\/wp-content\/uploads\/2024\/07\/MG_9065-1365x2048.jpg 1365w\" sizes=\"auto, (max-width: 1707px) 100vw, 1707px\" \/><\/figure>\n<\/div>\n\n\n\n<div style=\"height:10px\" aria-hidden=\"true\" class=\"wp-block-spacer\"><\/div>\n\n\n\n<p class=\"has-text-align-center\">Centralnym punktem lokalu jest imponuj\u0105cy piec do pizzy opalany drewnem, kt\u00f3ry nadaje daniom niepowtarzalny smak i aromat. Restauracja specjalizuje si\u0119 w pizzy neapolita\u0144skiej o chrupi\u0105cym cie\u015bcie i \u015bwie\u017cych dodatkach. W menu znajduj\u0105 si\u0119 r\u00f3wnie\u017c doskona\u0142e makarony, przyrz\u0105dzane wed\u0142ug tradycyjnych receptur oraz r\u00f3\u017cnorodne owoce morza, kt\u00f3re zadowol\u0105 nawet najbardziej wymagaj\u0105cych smakoszy. Surowe ceglane \u015bciany, metalowe elementy i industrialne o\u015bwietlenie tworz\u0105 niepowtarzaln\u0105 atmosfer\u0119, idealn\u0105 na spotkania towarzyskie, rodzinne obiady czy romantyczne kolacje. Profesjonalna obs\u0142uga oraz pasja do kulinari\u00f3w sprawiaj\u0105, \u017ce ka\u017cda wizyta w naszej restauracji to niezapomniane do\u015bwiadczenie<\/p>\n\n\n\n<div class=\"wp-block-group alignfull has-base-2-background-color has-background has-global-padding is-layout-constrained wp-container-core-group-is-layout-4 wp-block-group-is-layout-constrained\" style=\"margin-top:0;margin-bottom:0;padding-top:var(--wp--preset--spacing--50);padding-right:var(--wp--preset--spacing--50);padding-bottom:var(--wp--preset--spacing--50);padding-left:var(--wp--preset--spacing--50)\">\n<div class=\"wp-block-group is-vertical is-content-justification-center is-layout-flex wp-container-core-group-is-layout-3 wp-block-group-is-layout-flex\">\n<h2 class=\"wp-block-heading has-text-align-center is-style-asterisk\">Nasza oferta<\/h2>\n<\/div>\n\n\n\n<div style=\"margin-top:0;margin-bottom:0;height:25px\" aria-hidden=\"true\" class=\"wp-block-spacer\"><\/div>\n\n\n\n<div class=\"wp-block-columns alignwide is-layout-flex wp-container-core-columns-is-layout-1 wp-block-columns-is-layout-flex\">\n<div class=\"wp-block-column is-layout-flow wp-container-core-column-is-layout-1 wp-block-column-is-layout-flow\">\n<h3 class=\"wp-block-heading has-text-align-left is-style-asterisk has-body-font-family has-medium-font-size\" style=\"font-style:normal;font-weight:600\">Pizza<\/h3>\n\n\n\n<p class=\"has-text-align-left\">Serwujemy wy\u015bmienite pizze neapolita\u0144skie, kt\u00f3re przenios\u0105 Ci\u0119 wprost do serca W\u0142och. Ka\u017cda nasza pizza jest przygotowywana z najwy\u017cszej jako\u015bci sk\u0142adnik\u00f3w, aby zapewni\u0107 autentyczny smak i aromat.<\/p>\n<\/div>\n\n\n\n<div class=\"wp-block-column is-layout-flow wp-container-core-column-is-layout-2 wp-block-column-is-layout-flow\">\n<h3 class=\"wp-block-heading has-text-align-left is-style-asterisk has-body-font-family has-medium-font-size\" style=\"font-style:normal;font-weight:600\">Makarony<\/h3>\n\n\n\n<p class=\"has-text-align-left\">W restauracji oferujemy szeroki wyb\u00f3r autentycznych w\u0142oskich makaron\u00f3w, kt\u00f3re zadowol\u0105 ka\u017cdego mi\u0142o\u015bnika kuchni \u015br\u00f3dziemnomorskiej.<\/p>\n<\/div>\n\n\n\n<div class=\"wp-block-column is-layout-flow wp-container-core-column-is-layout-3 wp-block-column-is-layout-flow\">\n<h3 class=\"wp-block-heading has-text-align-left is-style-asterisk has-body-font-family has-medium-font-size\" style=\"font-style:normal;font-weight:600\">Owoce morza<\/h3>\n\n\n\n<p class=\"has-text-align-left\">Polecamy wy\u015bmienite dania z owoc\u00f3w morza, kt\u00f3re przenios\u0105 Ci\u0119 na wybrze\u017ca s\u0142onecznej Italii.<\/p>\n<\/div>\n<\/div>\n\n\n\n<div style=\"height:var(--wp--preset--spacing--20)\" aria-hidden=\"true\" class=\"wp-block-spacer\"><\/div>\n\n\n\n<div class=\"wp-block-columns alignwide is-layout-flex wp-container-core-columns-is-layout-2 wp-block-columns-is-layout-flex\">\n<div class=\"wp-block-column is-layout-flow wp-container-core-column-is-layout-4 wp-block-column-is-layout-flow\">\n<h3 class=\"wp-block-heading has-text-align-center is-style-asterisk\"><strong>Galeria<\/strong><\/h3>\n\n\n\n<figure class=\"wp-block-gallery has-nested-images columns-default is-cropped wp-block-gallery-2 is-layout-flex wp-block-gallery-is-layout-flex\">\n<figure class=\"wp-block-image size-large\"><img loading=\"lazy\" decoding=\"async\" width=\"683\" height=\"1024\" src=\"https:\/\/lusisofia.pl\/wp-content\/uploads\/2024\/08\/MG_9346-683x1024.jpg\" alt=\"\" class=\"wp-image-190\" srcset=\"https:\/\/lusisofia.pl\/wp-content\/uploads\/2024\/08\/MG_9346-683x1024.jpg 683w, https:\/\/lusisofia.pl\/wp-content\/uploads\/2024\/08\/MG_9346-200x300.jpg 200w, https:\/\/lusisofia.pl\/wp-content\/uploads\/2024\/08\/MG_9346-768x1152.jpg 768w, https:\/\/lusisofia.pl\/wp-content\/uploads\/2024\/08\/MG_9346-1024x1536.jpg 1024w, https:\/\/lusisofia.pl\/wp-content\/uploads\/2024\/08\/MG_9346.jpg 1280w\" sizes=\"auto, (max-width: 683px) 100vw, 683px\" \/><\/figure>\n\n\n\n<figure class=\"wp-block-image size-large\"><img loading=\"lazy\" decoding=\"async\" width=\"683\" height=\"1024\" src=\"https:\/\/lusisofia.pl\/wp-content\/uploads\/2024\/08\/MG_9420-683x1024.jpg\" alt=\"\" class=\"wp-image-191\" srcset=\"https:\/\/lusisofia.pl\/wp-content\/uploads\/2024\/08\/MG_9420-683x1024.jpg 683w, https:\/\/lusisofia.pl\/wp-content\/uploads\/2024\/08\/MG_9420-200x300.jpg 200w, https:\/\/lusisofia.pl\/wp-content\/uploads\/2024\/08\/MG_9420-768x1152.jpg 768w, https:\/\/lusisofia.pl\/wp-content\/uploads\/2024\/08\/MG_9420-1024x1536.jpg 1024w, https:\/\/lusisofia.pl\/wp-content\/uploads\/2024\/08\/MG_9420.jpg 1280w\" sizes=\"auto, (max-width: 683px) 100vw, 683px\" \/><\/figure>\n\n\n\n<figure class=\"wp-block-image size-large\"><img loading=\"lazy\" decoding=\"async\" width=\"683\" height=\"1024\" src=\"https:\/\/lusisofia.pl\/wp-content\/uploads\/2024\/08\/MG_9520-683x1024.jpg\" alt=\"\" class=\"wp-image-189\" srcset=\"https:\/\/lusisofia.pl\/wp-content\/uploads\/2024\/08\/MG_9520-683x1024.jpg 683w, https:\/\/lusisofia.pl\/wp-content\/uploads\/2024\/08\/MG_9520-200x300.jpg 200w, https:\/\/lusisofia.pl\/wp-content\/uploads\/2024\/08\/MG_9520-768x1152.jpg 768w, https:\/\/lusisofia.pl\/wp-content\/uploads\/2024\/08\/MG_9520-1024x1536.jpg 1024w, https:\/\/lusisofia.pl\/wp-content\/uploads\/2024\/08\/MG_9520.jpg 1280w\" sizes=\"auto, (max-width: 683px) 100vw, 683px\" \/><\/figure>\n\n\n\n<figure class=\"wp-block-image size-large\"><img loading=\"lazy\" decoding=\"async\" width=\"683\" height=\"1024\" src=\"https:\/\/lusisofia.pl\/wp-content\/uploads\/2024\/08\/MG_9450-683x1024.jpg\" alt=\"\" class=\"wp-image-193\" srcset=\"https:\/\/lusisofia.pl\/wp-content\/uploads\/2024\/08\/MG_9450-683x1024.jpg 683w, https:\/\/lusisofia.pl\/wp-content\/uploads\/2024\/08\/MG_9450-200x300.jpg 200w, https:\/\/lusisofia.pl\/wp-content\/uploads\/2024\/08\/MG_9450-768x1152.jpg 768w, https:\/\/lusisofia.pl\/wp-content\/uploads\/2024\/08\/MG_9450-1024x1536.jpg 1024w, https:\/\/lusisofia.pl\/wp-content\/uploads\/2024\/08\/MG_9450.jpg 1280w\" sizes=\"auto, (max-width: 683px) 100vw, 683px\" \/><\/figure>\n\n\n\n<figure class=\"wp-block-image size-large\"><img loading=\"lazy\" decoding=\"async\" width=\"683\" height=\"1024\" src=\"https:\/\/lusisofia.pl\/wp-content\/uploads\/2024\/08\/MG_9481-683x1024.jpg\" alt=\"\" class=\"wp-image-194\" srcset=\"https:\/\/lusisofia.pl\/wp-content\/uploads\/2024\/08\/MG_9481-683x1024.jpg 683w, https:\/\/lusisofia.pl\/wp-content\/uploads\/2024\/08\/MG_9481-200x300.jpg 200w, https:\/\/lusisofia.pl\/wp-content\/uploads\/2024\/08\/MG_9481-768x1152.jpg 768w, https:\/\/lusisofia.pl\/wp-content\/uploads\/2024\/08\/MG_9481-1024x1536.jpg 1024w, https:\/\/lusisofia.pl\/wp-content\/uploads\/2024\/08\/MG_9481.jpg 1280w\" sizes=\"auto, (max-width: 683px) 100vw, 683px\" \/><\/figure>\n\n\n\n<figure class=\"wp-block-image size-large\"><img loading=\"lazy\" decoding=\"async\" width=\"683\" height=\"1024\" src=\"https:\/\/lusisofia.pl\/wp-content\/uploads\/2024\/07\/MG_9287-1-683x1024.jpg\" alt=\"\" class=\"wp-image-26\" srcset=\"https:\/\/lusisofia.pl\/wp-content\/uploads\/2024\/07\/MG_9287-1-683x1024.jpg 683w, https:\/\/lusisofia.pl\/wp-content\/uploads\/2024\/07\/MG_9287-1-200x300.jpg 200w, https:\/\/lusisofia.pl\/wp-content\/uploads\/2024\/07\/MG_9287-1-768x1152.jpg 768w, https:\/\/lusisofia.pl\/wp-content\/uploads\/2024\/07\/MG_9287-1-1024x1536.jpg 1024w, https:\/\/lusisofia.pl\/wp-content\/uploads\/2024\/07\/MG_9287-1.jpg 1280w\" sizes=\"auto, (max-width: 683px) 100vw, 683px\" \/><\/figure>\n\n\n\n<figure class=\"wp-block-image size-large\"><img loading=\"lazy\" decoding=\"async\" width=\"683\" height=\"1024\" src=\"https:\/\/lusisofia.pl\/wp-content\/uploads\/2024\/08\/MG_9430-683x1024.jpg\" alt=\"\" class=\"wp-image-192\" srcset=\"https:\/\/lusisofia.pl\/wp-content\/uploads\/2024\/08\/MG_9430-683x1024.jpg 683w, https:\/\/lusisofia.pl\/wp-content\/uploads\/2024\/08\/MG_9430-200x300.jpg 200w, https:\/\/lusisofia.pl\/wp-content\/uploads\/2024\/08\/MG_9430-768x1152.jpg 768w, https:\/\/lusisofia.pl\/wp-content\/uploads\/2024\/08\/MG_9430-1024x1536.jpg 1024w, https:\/\/lusisofia.pl\/wp-content\/uploads\/2024\/08\/MG_9430.jpg 1280w\" sizes=\"auto, (max-width: 683px) 100vw, 683px\" \/><\/figure>\n\n\n\n<figure class=\"wp-block-image size-large\"><img loading=\"lazy\" decoding=\"async\" width=\"1024\" height=\"683\" src=\"https:\/\/lusisofia.pl\/wp-content\/uploads\/2024\/07\/MG_9457-1024x683.jpg\" alt=\"\" class=\"wp-image-10\" srcset=\"https:\/\/lusisofia.pl\/wp-content\/uploads\/2024\/07\/MG_9457-1024x683.jpg 1024w, https:\/\/lusisofia.pl\/wp-content\/uploads\/2024\/07\/MG_9457-300x200.jpg 300w, https:\/\/lusisofia.pl\/wp-content\/uploads\/2024\/07\/MG_9457-768x512.jpg 768w, https:\/\/lusisofia.pl\/wp-content\/uploads\/2024\/07\/MG_9457-1536x1024.jpg 1536w, https:\/\/lusisofia.pl\/wp-content\/uploads\/2024\/07\/MG_9457-2048x1365.jpg 2048w\" sizes=\"auto, (max-width: 1024px) 100vw, 1024px\" \/><\/figure>\n<\/figure>\n<\/div>\n<\/div>\n<\/div>\n","protected":false},"excerpt":{"rendered":"<p>LUSI Restaurant jest w\u0142osk\u0105 restauracj\u0105 urz\u0105dzon\u0105 w postindustrialnym wn\u0119trzu to wyj\u0105tkowe miejsce, kt\u00f3re \u0142\u0105czy surowy design z autentyczn\u0105 w\u0142osk\u0105 kuchni\u0105. Centralnym punktem lokalu jest imponuj\u0105cy piec do pizzy opalany drewnem, kt\u00f3ry nadaje daniom niepowtarzalny smak i aromat. Restauracja specjalizuje si\u0119 w pizzy neapolita\u0144skiej o chrupi\u0105cym cie\u015bcie i \u015bwie\u017cych dodatkach. W menu znajduj\u0105 si\u0119 r\u00f3wnie\u017c doskona\u0142e [&hellip;]<\/p>\n","protected":false},"author":1,"featured_media":38,"parent":0,"menu_order":0,"comment_status":"closed","ping_status":"closed","template":"","meta":{"footnotes":""},"class_list":["post-48","page","type-page","status-publish","has-post-thumbnail","hentry"],"_links":{"self":[{"href":"https:\/\/lusisofia.pl\/index.php\/wp-json\/wp\/v2\/pages\/48","targetHints":{"allow":["GET"]}}],"collection":[{"href":"https:\/\/lusisofia.pl\/index.php\/wp-json\/wp\/v2\/pages"}],"about":[{"href":"https:\/\/lusisofia.pl\/index.php\/wp-json\/wp\/v2\/types\/page"}],"author":[{"embeddable":true,"href":"https:\/\/lusisofia.pl\/index.php\/wp-json\/wp\/v2\/users\/1"}],"replies":[{"embeddable":true,"href":"https:\/\/lusisofia.pl\/index.php\/wp-json\/wp\/v2\/comments?post=48"}],"version-history":[{"count":17,"href":"https:\/\/lusisofia.pl\/index.php\/wp-json\/wp\/v2\/pages\/48\/revisions"}],"predecessor-version":[{"id":266,"href":"https:\/\/lusisofia.pl\/index.php\/wp-json\/wp\/v2\/pages\/48\/revisions\/266"}],"wp:featuredmedia":[{"embeddable":true,"href":"https:\/\/lusisofia.pl\/index.php\/wp-json\/wp\/v2\/media\/38"}],"wp:attachment":[{"href":"https:\/\/lusisofia.pl\/index.php\/wp-json\/wp\/v2\/media?parent=48"}],"curies":[{"name":"wp","href":"https:\/\/api.w.org\/{rel}","templated":true}]}}