{"id":123,"date":"2024-08-16T09:25:41","date_gmt":"2024-08-16T09:25:41","guid":{"rendered":"https:\/\/lusisofia.pl\/?page_id=123"},"modified":"2024-08-21T11:07:53","modified_gmt":"2024-08-21T11:07:53","slug":"nadbrzeze","status":"publish","type":"page","link":"https:\/\/lusisofia.pl\/index.php\/nadbrzeze\/","title":{"rendered":"Nadbrze\u017ce"},"content":{"rendered":"\n<div class=\"wp-block-group alignfull has-accent-background-color has-background has-global-padding is-layout-constrained wp-container-core-group-is-layout-3 wp-block-group-is-layout-constrained\" style=\"margin-top:0;margin-bottom:0;padding-top:var(--wp--preset--spacing--50);padding-right:var(--wp--preset--spacing--50);padding-bottom:var(--wp--preset--spacing--50);padding-left:var(--wp--preset--spacing--50)\">\n<div class=\"wp-block-columns alignwide is-layout-flex wp-container-core-columns-is-layout-1 wp-block-columns-is-layout-flex\">\n<div class=\"wp-block-column is-vertically-aligned-stretch is-layout-flow wp-block-column-is-layout-flow\" style=\"flex-basis:50%\">\n<div class=\"wp-block-group is-vertical is-content-justification-stretch is-layout-flex wp-container-core-group-is-layout-2 wp-block-group-is-layout-flex\" style=\"min-height:100%\">\n<p class=\"has-heading-font-family has-x-large-font-size\" style=\"line-height:1.2\">Teren po\u0142o\u017cony przy ul. Nadbrze\u017ce to przestrze\u0144, kt\u00f3ra oferuje nie tylko funkcjonalno\u015b\u0107, ale tak\u017ce wyj\u0105tkowy klimat, kt\u00f3re przyci\u0105gn\u0105 uczestnik\u00f3w i sprawi\u0105, \u017ce ka\u017cde wydarzenie stanie si\u0119 niezapomniane. Skontaktuj si\u0119 z nami, aby dowiedzie\u0107 si\u0119 wi\u0119cej i zarezerwowa\u0107 idealne miejsce na Twoje wydarzenie.<br><br><\/p>\n\n\n\n<div class=\"wp-block-group has-global-padding is-content-justification-left is-layout-constrained wp-container-core-group-is-layout-1 wp-block-group-is-layout-constrained\"><\/div>\n<\/div>\n<\/div>\n\n\n\n<div class=\"wp-block-column is-vertically-aligned-center is-layout-flow wp-block-column-is-layout-flow\" style=\"flex-basis:50%\">\n<figure class=\"wp-block-image size-large is-resized is-style-rounded is-style-rounded--1\"><img loading=\"lazy\" decoding=\"async\" width=\"1024\" height=\"724\" src=\"http:\/\/lusisofia.pl\/wp-content\/uploads\/2024\/07\/23-1024x724.png\" alt=\"\" class=\"wp-image-127\" style=\"aspect-ratio:0.75;object-fit:cover;width:569px;height:auto\" srcset=\"https:\/\/lusisofia.pl\/wp-content\/uploads\/2024\/07\/23-1024x724.png 1024w, https:\/\/lusisofia.pl\/wp-content\/uploads\/2024\/07\/23-300x212.png 300w, https:\/\/lusisofia.pl\/wp-content\/uploads\/2024\/07\/23-768x543.png 768w, https:\/\/lusisofia.pl\/wp-content\/uploads\/2024\/07\/23-1536x1086.png 1536w, https:\/\/lusisofia.pl\/wp-content\/uploads\/2024\/07\/23-2048x1448.png 2048w\" sizes=\"auto, (max-width: 1024px) 100vw, 1024px\" \/><\/figure>\n<\/div>\n<\/div>\n<\/div>\n\n\n\n<div class=\"wp-block-group alignfull has-base-background-color has-background has-global-padding is-layout-constrained wp-container-core-group-is-layout-4 wp-block-group-is-layout-constrained\" style=\"margin-top:0;margin-bottom:0;padding-top:var(--wp--preset--spacing--50);padding-right:var(--wp--preset--spacing--50);padding-bottom:var(--wp--preset--spacing--50);padding-left:var(--wp--preset--spacing--50)\">\n<div class=\"wp-block-columns alignwide is-layout-flex wp-container-core-columns-is-layout-3 wp-block-columns-is-layout-flex\">\n<div class=\"wp-block-column has-global-padding is-content-justification-left is-layout-constrained wp-container-core-column-is-layout-3 wp-block-column-is-layout-constrained\" style=\"flex-basis:40%\">\n<p><\/p>\n<\/div>\n\n\n\n<div class=\"wp-block-column is-layout-flow wp-container-core-column-is-layout-6 wp-block-column-is-layout-flow\" style=\"flex-basis:60%\">\n<p class=\"has-heading-font-family has-x-large-font-size\" style=\"line-height:1.2\">Zapraszamy do wynajmu wyj\u0105tkowego miejsca eventowego o powierzchni 1,5 ha, po\u0142o\u017conego nad Wart\u0105 w Poznaniu przy ul. Nadbrze\u017ce, tu\u017c przy wartostradzie. <\/p>\n\n\n\n<div class=\"wp-block-columns is-layout-flex wp-container-core-columns-is-layout-2 wp-block-columns-is-layout-flex\">\n<div class=\"wp-block-column is-layout-flow wp-block-column-is-layout-flow\">\n<p class=\"wp-container-content-1\">Nasz teren idealnie pasuje na organizacj\u0119 r\u00f3\u017cnorodnych imprez plenerowych, oferuj\u0105c przestrze\u0144, kt\u00f3ra mo\u017ce pomie\u015bci\u0107 zar\u00f3wno kameralne spotkania, jak i wi\u0119ksze wydarzenia korporacyjne.<\/p>\n<\/div>\n\n\n\n<div class=\"wp-block-column is-layout-flow wp-block-column-is-layout-flow\">\n<p>Ju\u017c wiosn\u0105 2025 roku go\u015bcie b\u0119d\u0105 mogli cieszy\u0107 si\u0119 pysznymi potrawami serwowanymi z foodtruck\u00f3w, kt\u00f3re stan\u0105 na naszym terenie. \u015awietna lokalizacja, naturalne otoczenie i szeroka gama udogodnie\u0144 sprawiaj\u0105, \u017ce jest to idealne miejsce na eventy, kt\u00f3re na d\u0142ugo pozostan\u0105 w pami\u0119ci uczestnik\u00f3w.<\/p>\n<\/div>\n<\/div>\n<\/div>\n<\/div>\n<\/div>\n\n\n\n<div class=\"wp-block-group alignfull has-accent-5-background-color has-background has-global-padding is-layout-constrained wp-container-core-group-is-layout-5 wp-block-group-is-layout-constrained\" style=\"margin-top:0;margin-bottom:0;padding-top:var(--wp--preset--spacing--50);padding-right:var(--wp--preset--spacing--50);padding-bottom:var(--wp--preset--spacing--50);padding-left:var(--wp--preset--spacing--50)\">\n<div class=\"wp-block-columns alignwide is-layout-flex wp-container-core-columns-is-layout-4 wp-block-columns-is-layout-flex\">\n<div class=\"wp-block-column is-vertically-aligned-center is-layout-flow wp-block-column-is-layout-flow\" style=\"flex-basis:60%\">\n<figure class=\"wp-block-image size-full is-style-rounded wp-duotone-unset-3 is-style-rounded--2\"><img loading=\"lazy\" decoding=\"async\" width=\"3500\" height=\"2475\" src=\"http:\/\/lusisofia.pl\/wp-content\/uploads\/2024\/07\/25.png\" alt=\"\" class=\"wp-image-129\" style=\"aspect-ratio:4\/3;object-fit:cover\" srcset=\"https:\/\/lusisofia.pl\/wp-content\/uploads\/2024\/07\/25.png 3500w, https:\/\/lusisofia.pl\/wp-content\/uploads\/2024\/07\/25-300x212.png 300w, https:\/\/lusisofia.pl\/wp-content\/uploads\/2024\/07\/25-1024x724.png 1024w, https:\/\/lusisofia.pl\/wp-content\/uploads\/2024\/07\/25-768x543.png 768w, https:\/\/lusisofia.pl\/wp-content\/uploads\/2024\/07\/25-1536x1086.png 1536w, https:\/\/lusisofia.pl\/wp-content\/uploads\/2024\/07\/25-2048x1448.png 2048w\" sizes=\"auto, (max-width: 3500px) 100vw, 3500px\" \/><\/figure>\n<\/div>\n\n\n\n<div class=\"wp-block-column is-layout-flow wp-block-column-is-layout-flow\" style=\"flex-basis:40%\">\n<h2 class=\"wp-block-heading\">Kluczowe cechy terenu:<\/h2>\n\n\n\n<ul class=\"wp-block-list\">\n<li><strong>Przestronno\u015b\u0107:<\/strong> 1,5 ha swobodnej przestrzeni, pozwalaj\u0105cej na elastyczne zagospodarowanie wed\u0142ug potrzeb i charakteru wydarzenia.<\/li>\n<\/ul>\n\n\n\n<ul class=\"wp-block-list\">\n<li><strong>Malownicze po\u0142o\u017cenie:<\/strong> bezpo\u015brednie s\u0105siedztwo z rzek\u0105 Warta zapewnia pi\u0119kne widoki i stworzy niezapomnian\u0105 atmosfer\u0119 dla uczestnik\u00f3w.<\/li>\n<\/ul>\n\n\n\n<ul class=\"wp-block-list\">\n<li><strong>Dost\u0119pno\u015b\u0107:<\/strong> \u0142atwy dojazd i dogodne po\u0142\u0105czenia komunikacyjne, idealne zar\u00f3wno dla organizator\u00f3w, jak i go\u015bci.<\/li>\n<\/ul>\n\n\n\n<ul class=\"wp-block-list\">\n<li><strong>Infrastruktura:<\/strong> mo\u017cliwo\u015b\u0107 dostosowania terenu do r\u00f3\u017cnych potrzeb \u2013 od sceny i miejsc dla publiczno\u015bci, po stoiska i strefy gastronomiczne.<\/li>\n<\/ul>\n<\/div>\n<\/div>\n\n\n\n<p><\/p>\n<\/div>\n\n\n\n<div class=\"wp-block-group alignfull has-accent-5-background-color has-background has-global-padding is-layout-constrained wp-container-core-group-is-layout-7 wp-block-group-is-layout-constrained\" style=\"margin-top:0;margin-bottom:0;padding-top:var(--wp--preset--spacing--50);padding-right:var(--wp--preset--spacing--50);padding-bottom:var(--wp--preset--spacing--50);padding-left:var(--wp--preset--spacing--50)\">\n<div class=\"wp-block-columns alignwide is-layout-flex wp-container-core-columns-is-layout-5 wp-block-columns-is-layout-flex\">\n<div class=\"wp-block-column is-vertically-aligned-center is-layout-flow wp-block-column-is-layout-flow\" style=\"flex-basis:60%\">\n<figure class=\"wp-block-image size-full is-style-rounded wp-duotone-unset-5 is-style-rounded--4\"><img loading=\"lazy\" decoding=\"async\" width=\"2560\" height=\"1920\" src=\"http:\/\/lusisofia.pl\/wp-content\/uploads\/2024\/07\/14-scaled.jpg\" alt=\"\" class=\"wp-image-126\" style=\"aspect-ratio:4\/3;object-fit:cover\" srcset=\"https:\/\/lusisofia.pl\/wp-content\/uploads\/2024\/07\/14-scaled.jpg 2560w, https:\/\/lusisofia.pl\/wp-content\/uploads\/2024\/07\/14-300x225.jpg 300w, https:\/\/lusisofia.pl\/wp-content\/uploads\/2024\/07\/14-1024x768.jpg 1024w, https:\/\/lusisofia.pl\/wp-content\/uploads\/2024\/07\/14-768x576.jpg 768w, https:\/\/lusisofia.pl\/wp-content\/uploads\/2024\/07\/14-1536x1152.jpg 1536w, https:\/\/lusisofia.pl\/wp-content\/uploads\/2024\/07\/14-2048x1536.jpg 2048w\" sizes=\"auto, (max-width: 2560px) 100vw, 2560px\" \/><\/figure>\n<\/div>\n\n\n\n<div class=\"wp-block-column is-layout-flow wp-block-column-is-layout-flow\" style=\"flex-basis:40%\">\n<h2 class=\"wp-block-heading\">Kluczowe cechy terenu:<\/h2>\n\n\n\n<ul class=\"wp-block-list\">\n<li><strong>Imprezy plenerowe:<\/strong> festiwale, targi, pikniki, i inne wydarzenia masowe.<\/li>\n<\/ul>\n\n\n\n<ul class=\"wp-block-list\">\n<li><strong>Wydarzenia kulturalne:<\/strong> wystawy, projekcje filmowe, warsztaty i przedstawienia.<\/li>\n<\/ul>\n\n\n\n<ul class=\"wp-block-list\">\n<li><strong>Koncerty<\/strong>: zar\u00f3wno ma\u0142e koncerty lokalne, jak i du\u017ce imprezy muzyczne.<\/li>\n<\/ul>\n<\/div>\n<\/div>\n\n\n\n<div class=\"wp-block-group alignwide has-base-background-color has-background has-global-padding is-layout-constrained wp-container-core-group-is-layout-6 wp-block-group-is-layout-constrained\" style=\"border-radius:16px;padding-top:var(--wp--preset--spacing--40);padding-right:var(--wp--preset--spacing--50);padding-bottom:var(--wp--preset--spacing--40);padding-left:var(--wp--preset--spacing--50)\">\n<h2 class=\"wp-block-heading has-text-align-center is-style-default has-x-large-font-size\">Kontakt<\/h2>\n\n\n\n<div style=\"height:8px\" aria-hidden=\"true\" class=\"wp-block-spacer\"><\/div>\n\n\n\n<p class=\"has-text-align-center\">rezerwacje@lusisofia.pl<\/p>\n<\/div>\n<\/div>\n","protected":false},"excerpt":{"rendered":"<p>Teren po\u0142o\u017cony przy ul. Nadbrze\u017ce to przestrze\u0144, kt\u00f3ra oferuje nie tylko funkcjonalno\u015b\u0107, ale tak\u017ce wyj\u0105tkowy klimat, kt\u00f3re przyci\u0105gn\u0105 uczestnik\u00f3w i sprawi\u0105, \u017ce ka\u017cde wydarzenie stanie si\u0119 niezapomniane. Skontaktuj si\u0119 z nami, aby dowiedzie\u0107 si\u0119 wi\u0119cej i zarezerwowa\u0107 idealne miejsce na Twoje wydarzenie. Zapraszamy do wynajmu wyj\u0105tkowego miejsca eventowego o powierzchni 1,5 ha, po\u0142o\u017conego nad Wart\u0105 [&hellip;]<\/p>\n","protected":false},"author":1,"featured_media":0,"parent":0,"menu_order":0,"comment_status":"closed","ping_status":"closed","template":"","meta":{"footnotes":""},"class_list":["post-123","page","type-page","status-publish","hentry"],"_links":{"self":[{"href":"https:\/\/lusisofia.pl\/index.php\/wp-json\/wp\/v2\/pages\/123","targetHints":{"allow":["GET"]}}],"collection":[{"href":"https:\/\/lusisofia.pl\/index.php\/wp-json\/wp\/v2\/pages"}],"about":[{"href":"https:\/\/lusisofia.pl\/index.php\/wp-json\/wp\/v2\/types\/page"}],"author":[{"embeddable":true,"href":"https:\/\/lusisofia.pl\/index.php\/wp-json\/wp\/v2\/users\/1"}],"replies":[{"embeddable":true,"href":"https:\/\/lusisofia.pl\/index.php\/wp-json\/wp\/v2\/comments?post=123"}],"version-history":[{"count":2,"href":"https:\/\/lusisofia.pl\/index.php\/wp-json\/wp\/v2\/pages\/123\/revisions"}],"predecessor-version":[{"id":229,"href":"https:\/\/lusisofia.pl\/index.php\/wp-json\/wp\/v2\/pages\/123\/revisions\/229"}],"wp:attachment":[{"href":"https:\/\/lusisofia.pl\/index.php\/wp-json\/wp\/v2\/media?parent=123"}],"curies":[{"name":"wp","href":"https:\/\/api.w.org\/{rel}","templated":true}]}}